{"id":188,"date":"2024-09-25T21:16:46","date_gmt":"2024-09-25T19:16:46","guid":{"rendered":"https:\/\/obucikofer.rs\/?post_type=product&#038;p=188"},"modified":"2026-02-26T13:41:58","modified_gmt":"2026-02-26T12:41:58","slug":"current-mood","status":"publish","type":"product","link":"https:\/\/obucikofer.rs\/en\/navlaka-za-kofer\/current-mood\/","title":{"rendered":"Current mood"},"content":{"rendered":"<p>Veli\u010dina S (48 &#8211; 53cm visine) &#8211; kabinski kofer Veli\u010dina M (58-63cm visine) Veli\u010dina L (65-70cm visine) Veli\u010dina XL (74-80cm visine) U odabiru veli\u010dine navlake za kofer va\u017eno je da izmerite visinu kofera bez to\u010dki\u0107a. Navlaka dolazi u \u010detiri razli\u010dite veli\u010dine kako bi odgovarala razli\u010ditim dimenzijama kofera. Kada birate veli\u010dinu navlake, bitno je izmeriti visinu kofera bez to\u010dki\u0107a. Na taj na\u010din \u0107ete dobiti najprecizniju veli\u010dinu navlake koja \u0107e savr\u0161eno odgovarati Va\u0161em koferu. Ova navlaka je dizajnirana sa ciljem da se lako postavi na kofer i \u010dvrsto pri\u010dvrsti kako bi ostala na mestu tokom putovanja. Tako\u0111e ima otvore za ru\u010dke I to\u010dki\u0107e \u0161to omogu\u0107ava jednostavno kori\u0161\u0107enje i manipulaciju koferom \u010dak i kada je navlaka postavljena. Uz svoju prakti\u010dnost, navlaka za kofer od microfibera tako\u0111e dolazi u razli\u010ditim dezenimai, tako da mo\u017eete odabrati onaj koji najbolje odgovara Va\u0161em stilu i preferencijama. Bilo da putujete avionom, vozom ili automobilom, ova navlaka \u0107e vam pru\u017eiti dodatnu za\u0161titu i ulep\u0161ati izgled Va\u0161eg kofera<\/p>","protected":false},"excerpt":{"rendered":"<p>A suitcase cover is a practical and elegant accessory that will protect your suitcase from scratches, dust, and other damage during travel. It is made of high-quality microfiber material that is soft to the touch yet durable.<\/p>","protected":false},"featured_media":139,"comment_status":"closed","ping_status":"closed","template":"","meta":{"_acf_changed":false,"site-sidebar-layout":"default","site-content-layout":"","ast-site-content-layout":"default","site-content-style":"default","site-sidebar-style":"default","ast-global-header-display":"","ast-banner-title-visibility":"","ast-main-header-display":"","ast-hfb-above-header-display":"","ast-hfb-below-header-display":"","ast-hfb-mobile-header-display":"","site-post-title":"","ast-breadcrumbs-content":"","ast-featured-img":"","footer-sml-layout":"","theme-transparent-header-meta":"default","adv-header-id-meta":"","stick-header-meta":"","header-above-stick-meta":"","header-main-stick-meta":"","header-below-stick-meta":"","astra-migrate-meta-layouts":"set","ast-page-background-enabled":"default","ast-page-background-meta":{"desktop":{"background-color":"var(--ast-global-color-4)","background-image":"","background-repeat":"repeat","background-position":"center center","background-size":"auto","background-attachment":"scroll","background-type":"","background-media":"","overlay-type":"","overlay-color":"","overlay-opacity":"","overlay-gradient":""},"tablet":{"background-color":"","background-image":"","background-repeat":"repeat","background-position":"center center","background-size":"auto","background-attachment":"scroll","background-type":"","background-media":"","overlay-type":"","overlay-color":"","overlay-opacity":"","overlay-gradient":""},"mobile":{"background-color":"","background-image":"","background-repeat":"repeat","background-position":"center center","background-size":"auto","background-attachment":"scroll","background-type":"","background-media":"","overlay-type":"","overlay-color":"","overlay-opacity":"","overlay-gradient":""}},"ast-content-background-meta":{"desktop":{"background-color":"var(--ast-global-color-5)","background-image":"","background-repeat":"repeat","background-position":"center center","background-size":"auto","background-attachment":"scroll","background-type":"","background-media":"","overlay-type":"","overlay-color":"","overlay-opacity":"","overlay-gradient":""},"tablet":{"background-color":"var(--ast-global-color-5)","background-image":"","background-repeat":"repeat","background-position":"center center","background-size":"auto","background-attachment":"scroll","background-type":"","background-media":"","overlay-type":"","overlay-color":"","overlay-opacity":"","overlay-gradient":""},"mobile":{"background-color":"var(--ast-global-color-5)","background-image":"","background-repeat":"repeat","background-position":"center center","background-size":"auto","background-attachment":"scroll","background-type":"","background-media":"","overlay-type":"","overlay-color":"","overlay-opacity":"","overlay-gradient":""}}},"product_brand":[],"product_cat":[23],"product_tag":[],"class_list":{"0":"post-188","1":"product","2":"type-product","3":"status-publish","4":"has-post-thumbnail","6":"product_cat-navlaka-za-kofer","7":"desktop-align-left","8":"tablet-align-left","9":"mobile-align-left","11":"first","12":"instock","13":"shipping-taxable","14":"purchasable","15":"product-type-variable","16":"has-default-attributes","17":"wvs-archive-product-wrapper"},"acf":[],"_links":{"self":[{"href":"https:\/\/obucikofer.rs\/en\/wp-json\/wp\/v2\/product\/188","targetHints":{"allow":["GET"]}}],"collection":[{"href":"https:\/\/obucikofer.rs\/en\/wp-json\/wp\/v2\/product"}],"about":[{"href":"https:\/\/obucikofer.rs\/en\/wp-json\/wp\/v2\/types\/product"}],"replies":[{"embeddable":true,"href":"https:\/\/obucikofer.rs\/en\/wp-json\/wp\/v2\/comments?post=188"}],"wp:featuredmedia":[{"embeddable":true,"href":"https:\/\/obucikofer.rs\/en\/wp-json\/wp\/v2\/media\/139"}],"wp:attachment":[{"href":"https:\/\/obucikofer.rs\/en\/wp-json\/wp\/v2\/media?parent=188"}],"wp:term":[{"taxonomy":"product_brand","embeddable":true,"href":"https:\/\/obucikofer.rs\/en\/wp-json\/wp\/v2\/product_brand?post=188"},{"taxonomy":"product_cat","embeddable":true,"href":"https:\/\/obucikofer.rs\/en\/wp-json\/wp\/v2\/product_cat?post=188"},{"taxonomy":"product_tag","embeddable":true,"href":"https:\/\/obucikofer.rs\/en\/wp-json\/wp\/v2\/product_tag?post=188"}],"curies":[{"name":"wp","href":"https:\/\/api.w.org\/{rel}","templated":true}]}}