{"id":2036,"date":"2025-02-27T22:20:03","date_gmt":"2025-02-27T21:20:03","guid":{"rendered":"https:\/\/obucikofer.rs\/?post_type=product&#038;p=2036"},"modified":"2026-01-20T11:05:01","modified_gmt":"2026-01-20T10:05:01","slug":"organizator-organizator-organizator-bebi-plava","status":"publish","type":"product","link":"https:\/\/obucikofer.rs\/en\/organizator-organizator-organizator-bebi-plava\/","title":{"rendered":"Travel around the world!"},"content":{"rendered":"<p>Organizacioni set za kofer &#8211; Travel around the world!<\/p>\n<p>Make your travels easier and more organized with our set of 5 different organizers!<\/p>\n<p>\u00a0<\/p>\n<p>\ud83d\udd39 Laundry Bag (43cm\u00d738cm) \u2013 The perfect solution for dirty laundry! Keep your suitcase tidy throughout your entire trip. <br \/>\ud83d\udd39 Shoes Bag (40cm\u00d732cm) \u2013 The ideal bag for shoes, helping you separate them from the rest of your belongings and prevent dirt. <br \/>\ud83d\udd39 Tech Bag (14cm\u00d723cm) \u2013 Keep your tech devices and cables organized and within reach. <br \/>\ud83d\udd39 Socks\/Unders Bag (27cm\u00d742cm) \u2013 No more searching! This bag keeps all your socks in one place, and the other compartment is perfect for underwear, ensuring quick access and easy packing. <br \/>\ud83d\udd39 Various Bag (27cm\u00d725cm) \u2013 A versatile bag that\u2019s ideal for all the small items you want to keep handy. Whether it\u2019s toiletries, extra clothes, or other small valuables, this bag will help you keep everything organized and easily accessible.<\/p>\n<p>\u00a0<\/p>\n<p>This set is perfect for anyone who wants to travel in style and stress-free. Enjoy easy and organized suitcase packing. Be smart, travel smart!<\/p>","protected":false},"excerpt":{"rendered":"<p>Organizacioni set za kofer &#8211; Travel around the world! U\u010dinite svoje putovanje lak\u0161im i preglednijim uz na\u0161 set od 5 razli\u010ditih organizatora!<\/p>","protected":false},"featured_media":2061,"comment_status":"closed","ping_status":"closed","template":"","meta":{"_acf_changed":false,"site-sidebar-layout":"default","site-content-layout":"","ast-site-content-layout":"","site-content-style":"default","site-sidebar-style":"default","ast-global-header-display":"","ast-banner-title-visibility":"","ast-main-header-display":"","ast-hfb-above-header-display":"","ast-hfb-below-header-display":"","ast-hfb-mobile-header-display":"","site-post-title":"","ast-breadcrumbs-content":"","ast-featured-img":"","footer-sml-layout":"","theme-transparent-header-meta":"","adv-header-id-meta":"","stick-header-meta":"","header-above-stick-meta":"","header-main-stick-meta":"","header-below-stick-meta":"","astra-migrate-meta-layouts":"default","ast-page-background-enabled":"default","ast-page-background-meta":{"desktop":{"background-color":"var(--ast-global-color-4)","background-image":"","background-repeat":"repeat","background-position":"center center","background-size":"auto","background-attachment":"scroll","background-type":"","background-media":"","overlay-type":"","overlay-color":"","overlay-opacity":"","overlay-gradient":""},"tablet":{"background-color":"","background-image":"","background-repeat":"repeat","background-position":"center center","background-size":"auto","background-attachment":"scroll","background-type":"","background-media":"","overlay-type":"","overlay-color":"","overlay-opacity":"","overlay-gradient":""},"mobile":{"background-color":"","background-image":"","background-repeat":"repeat","background-position":"center center","background-size":"auto","background-attachment":"scroll","background-type":"","background-media":"","overlay-type":"","overlay-color":"","overlay-opacity":"","overlay-gradient":""}},"ast-content-background-meta":{"desktop":{"background-color":"var(--ast-global-color-5)","background-image":"","background-repeat":"repeat","background-position":"center center","background-size":"auto","background-attachment":"scroll","background-type":"","background-media":"","overlay-type":"","overlay-color":"","overlay-opacity":"","overlay-gradient":""},"tablet":{"background-color":"var(--ast-global-color-5)","background-image":"","background-repeat":"repeat","background-position":"center center","background-size":"auto","background-attachment":"scroll","background-type":"","background-media":"","overlay-type":"","overlay-color":"","overlay-opacity":"","overlay-gradient":""},"mobile":{"background-color":"var(--ast-global-color-5)","background-image":"","background-repeat":"repeat","background-position":"center center","background-size":"auto","background-attachment":"scroll","background-type":"","background-media":"","overlay-type":"","overlay-color":"","overlay-opacity":"","overlay-gradient":""}}},"product_brand":[],"product_cat":[25],"product_tag":[],"class_list":{"0":"post-2036","1":"product","2":"type-product","3":"status-publish","4":"has-post-thumbnail","6":"product_cat-organizator-za-kofer","7":"desktop-align-left","8":"tablet-align-left","9":"mobile-align-left","11":"first","12":"instock","13":"shipping-taxable","14":"purchasable","15":"product-type-simple"},"acf":[],"_links":{"self":[{"href":"https:\/\/obucikofer.rs\/en\/wp-json\/wp\/v2\/product\/2036","targetHints":{"allow":["GET"]}}],"collection":[{"href":"https:\/\/obucikofer.rs\/en\/wp-json\/wp\/v2\/product"}],"about":[{"href":"https:\/\/obucikofer.rs\/en\/wp-json\/wp\/v2\/types\/product"}],"replies":[{"embeddable":true,"href":"https:\/\/obucikofer.rs\/en\/wp-json\/wp\/v2\/comments?post=2036"}],"wp:featuredmedia":[{"embeddable":true,"href":"https:\/\/obucikofer.rs\/en\/wp-json\/wp\/v2\/media\/2061"}],"wp:attachment":[{"href":"https:\/\/obucikofer.rs\/en\/wp-json\/wp\/v2\/media?parent=2036"}],"wp:term":[{"taxonomy":"product_brand","embeddable":true,"href":"https:\/\/obucikofer.rs\/en\/wp-json\/wp\/v2\/product_brand?post=2036"},{"taxonomy":"product_cat","embeddable":true,"href":"https:\/\/obucikofer.rs\/en\/wp-json\/wp\/v2\/product_cat?post=2036"},{"taxonomy":"product_tag","embeddable":true,"href":"https:\/\/obucikofer.rs\/en\/wp-json\/wp\/v2\/product_tag?post=2036"}],"curies":[{"name":"wp","href":"https:\/\/api.w.org\/{rel}","templated":true}]}}