{"id":2713,"date":"2025-10-16T22:58:08","date_gmt":"2025-10-16T20:58:08","guid":{"rendered":"https:\/\/obucikofer.rs\/?post_type=product&#038;p=2713"},"modified":"2026-04-19T17:11:13","modified_gmt":"2026-04-19T15:11:13","slug":"vaga-crna","status":"publish","type":"product","link":"https:\/\/obucikofer.rs\/en\/vage-za-kofer\/vaga-crna\/","title":{"rendered":"Vaga crna"},"content":{"rendered":"<p>Practical Luggage Scale measures weight from 10 grams to 50 kilograms! This handy scale comes in an elegant black color and is ideal for all travelers who want to avoid unpleasant surprises at the airport. The scale includes a battery, so you can start using it right away.<\/p>\n<p><strong>Benefits:<\/strong><\/p>\n<ul>\n<li>Precizno merenje: Sa kapacitetom do 50 kilograma, mo\u017eete lako i ta\u010dno izmeriti te\u017einu svog kofera kako biste izbegli dodatne tro\u0161kove prilikom putovanja.<\/li>\n<li>Compact and portable: The scale is lightweight and easy to carry, making it the perfect addition to any travel gear.<\/li>\n<li>Simple to use.<\/li>\n<li>Long-lasting battery: With the included battery, you\u2019re ready for your trip immediately, without additional costs.<\/li>\n<li>Elegant design: The black color gives it a sophisticated look, perfectly matching any travel style.<\/li>\n<\/ul>","protected":false},"excerpt":{"rendered":"<p>Practical Luggage Scale measures weight from 10 grams to 50 kilograms! This handy scale comes in an elegant black color and is ideal for all travelers who want to avoid unpleasant surprises at the airport. The scale includes a battery, so you can start using it right away.<\/p>","protected":false},"featured_media":2716,"comment_status":"closed","ping_status":"closed","template":"","meta":{"_acf_changed":false,"site-sidebar-layout":"default","site-content-layout":"","ast-site-content-layout":"default","site-content-style":"default","site-sidebar-style":"default","ast-global-header-display":"","ast-banner-title-visibility":"","ast-main-header-display":"","ast-hfb-above-header-display":"","ast-hfb-below-header-display":"","ast-hfb-mobile-header-display":"","site-post-title":"","ast-breadcrumbs-content":"","ast-featured-img":"","footer-sml-layout":"","theme-transparent-header-meta":"default","adv-header-id-meta":"","stick-header-meta":"","header-above-stick-meta":"","header-main-stick-meta":"","header-below-stick-meta":"","astra-migrate-meta-layouts":"set","ast-page-background-enabled":"default","ast-page-background-meta":{"desktop":{"background-color":"var(--ast-global-color-4)","background-image":"","background-repeat":"repeat","background-position":"center center","background-size":"auto","background-attachment":"scroll","background-type":"","background-media":"","overlay-type":"","overlay-color":"","overlay-opacity":"","overlay-gradient":""},"tablet":{"background-color":"","background-image":"","background-repeat":"repeat","background-position":"center center","background-size":"auto","background-attachment":"scroll","background-type":"","background-media":"","overlay-type":"","overlay-color":"","overlay-opacity":"","overlay-gradient":""},"mobile":{"background-color":"","background-image":"","background-repeat":"repeat","background-position":"center center","background-size":"auto","background-attachment":"scroll","background-type":"","background-media":"","overlay-type":"","overlay-color":"","overlay-opacity":"","overlay-gradient":""}},"ast-content-background-meta":{"desktop":{"background-color":"var(--ast-global-color-5)","background-image":"","background-repeat":"repeat","background-position":"center center","background-size":"auto","background-attachment":"scroll","background-type":"","background-media":"","overlay-type":"","overlay-color":"","overlay-opacity":"","overlay-gradient":""},"tablet":{"background-color":"var(--ast-global-color-5)","background-image":"","background-repeat":"repeat","background-position":"center center","background-size":"auto","background-attachment":"scroll","background-type":"","background-media":"","overlay-type":"","overlay-color":"","overlay-opacity":"","overlay-gradient":""},"mobile":{"background-color":"var(--ast-global-color-5)","background-image":"","background-repeat":"repeat","background-position":"center center","background-size":"auto","background-attachment":"scroll","background-type":"","background-media":"","overlay-type":"","overlay-color":"","overlay-opacity":"","overlay-gradient":""}}},"product_brand":[],"product_cat":[24],"product_tag":[],"class_list":{"0":"post-2713","1":"product","2":"type-product","3":"status-publish","4":"has-post-thumbnail","6":"product_cat-vage-za-kofer","7":"desktop-align-left","8":"tablet-align-left","9":"mobile-align-left","11":"first","12":"instock","13":"shipping-taxable","14":"purchasable","15":"product-type-simple"},"acf":[],"_links":{"self":[{"href":"https:\/\/obucikofer.rs\/en\/wp-json\/wp\/v2\/product\/2713","targetHints":{"allow":["GET"]}}],"collection":[{"href":"https:\/\/obucikofer.rs\/en\/wp-json\/wp\/v2\/product"}],"about":[{"href":"https:\/\/obucikofer.rs\/en\/wp-json\/wp\/v2\/types\/product"}],"replies":[{"embeddable":true,"href":"https:\/\/obucikofer.rs\/en\/wp-json\/wp\/v2\/comments?post=2713"}],"wp:featuredmedia":[{"embeddable":true,"href":"https:\/\/obucikofer.rs\/en\/wp-json\/wp\/v2\/media\/2716"}],"wp:attachment":[{"href":"https:\/\/obucikofer.rs\/en\/wp-json\/wp\/v2\/media?parent=2713"}],"wp:term":[{"taxonomy":"product_brand","embeddable":true,"href":"https:\/\/obucikofer.rs\/en\/wp-json\/wp\/v2\/product_brand?post=2713"},{"taxonomy":"product_cat","embeddable":true,"href":"https:\/\/obucikofer.rs\/en\/wp-json\/wp\/v2\/product_cat?post=2713"},{"taxonomy":"product_tag","embeddable":true,"href":"https:\/\/obucikofer.rs\/en\/wp-json\/wp\/v2\/product_tag?post=2713"}],"curies":[{"name":"wp","href":"https:\/\/api.w.org\/{rel}","templated":true}]}}